{"id":139,"date":"2025-03-12T14:30:52","date_gmt":"2025-03-12T13:30:52","guid":{"rendered":"http:\/\/masters.pzjudo.pl\/?page_id=139"},"modified":"2025-03-12T14:30:52","modified_gmt":"2025-03-12T13:30:52","slug":"regulamin-weteranow-ijf","status":"publish","type":"page","link":"http:\/\/masters.pzjudo.pl\/?page_id=139","title":{"rendered":"Regulamin weteran\u00f3w IJF"},"content":{"rendered":"\n<p>Zach\u0119camy do zapoznania si\u0119 z Regulaminem dla weteran\u00f3w przygotowanym przez Komisj\u0119 ds. Weteran\u00f3w IJF.<\/p>\n\n\n\n<div data-wp-interactive=\"core\/file\" class=\"wp-block-file\"><object data-wp-bind--hidden=\"!state.hasPdfPreview\" hidden class=\"wp-block-file__embed\" data=\"http:\/\/masters.pzjudo.pl\/wp-content\/uploads\/2025\/03\/SOR-IJF-30.01.2025_pol.pdf\" type=\"application\/pdf\" style=\"width:100%;height:950px\" aria-label=\"Osadzone z SOR IJF 30.01.2025_pol.\"><\/object><a id=\"wp-block-file--media-40620b28-8662-436c-a087-baab55a9340a\" href=\"http:\/\/masters.pzjudo.pl\/wp-content\/uploads\/2025\/03\/SOR-IJF-30.01.2025_pol.pdf\">SOR IJF 30.01.2025_pol<\/a><a href=\"http:\/\/masters.pzjudo.pl\/wp-content\/uploads\/2025\/03\/SOR-IJF-30.01.2025_pol.pdf\" class=\"wp-block-file__button wp-element-button\" download aria-describedby=\"wp-block-file--media-40620b28-8662-436c-a087-baab55a9340a\">Pobierz<\/a><\/div>\n","protected":false},"excerpt":{"rendered":"<p>Zach\u0119camy do zapoznania si\u0119 z Regulaminem dla weteran\u00f3w przygotowanym przez Komisj\u0119 ds. Weteran\u00f3w IJF.<\/p>\n","protected":false},"author":1,"featured_media":0,"parent":0,"menu_order":0,"comment_status":"closed","ping_status":"closed","template":"","meta":{"footnotes":""},"class_list":["post-139","page","type-page","status-publish","hentry"],"_links":{"self":[{"href":"http:\/\/masters.pzjudo.pl\/index.php?rest_route=\/wp\/v2\/pages\/139","targetHints":{"allow":["GET"]}}],"collection":[{"href":"http:\/\/masters.pzjudo.pl\/index.php?rest_route=\/wp\/v2\/pages"}],"about":[{"href":"http:\/\/masters.pzjudo.pl\/index.php?rest_route=\/wp\/v2\/types\/page"}],"author":[{"embeddable":true,"href":"http:\/\/masters.pzjudo.pl\/index.php?rest_route=\/wp\/v2\/users\/1"}],"replies":[{"embeddable":true,"href":"http:\/\/masters.pzjudo.pl\/index.php?rest_route=%2Fwp%2Fv2%2Fcomments&post=139"}],"version-history":[{"count":1,"href":"http:\/\/masters.pzjudo.pl\/index.php?rest_route=\/wp\/v2\/pages\/139\/revisions"}],"predecessor-version":[{"id":142,"href":"http:\/\/masters.pzjudo.pl\/index.php?rest_route=\/wp\/v2\/pages\/139\/revisions\/142"}],"wp:attachment":[{"href":"http:\/\/masters.pzjudo.pl\/index.php?rest_route=%2Fwp%2Fv2%2Fmedia&parent=139"}],"curies":[{"name":"wp","href":"https:\/\/api.w.org\/{rel}","templated":true}]}}