{"id":159,"date":"2025-03-12T14:55:50","date_gmt":"2025-03-12T13:55:50","guid":{"rendered":"http:\/\/masters.pzjudo.pl\/?page_id=159"},"modified":"2025-04-02T22:03:02","modified_gmt":"2025-04-02T20:03:02","slug":"galeria","status":"publish","type":"page","link":"http:\/\/masters.pzjudo.pl\/?page_id=159","title":{"rendered":"Galeria zdj\u0119\u0107 z turniej\u00f3w Weteran\u00f3w i Amator\u00f3w"},"content":{"rendered":"\n<p>Wszystkie zdj\u0119cia znajduj\u0105 si\u0119 na serwisie Facebook, sk\u0105d mo\u017cna je pobra\u0107.<\/p>\n\n\n\n<details class=\"wp-block-details is-layout-flow wp-block-details-is-layout-flow\"><summary>Riga Veteran European Cup 2025 ne-waza<\/summary>\n<p>Ne-Waza: Bielicki Zbigniew, Czupryna Krzysztof, Fija\u0142kowski Witold, Kami\u0144ski S\u0142awomir, Kasprzyk Dariusz, Wasowski Piotr, Ziembla Sylwester<\/p>\n\n\n\n<p>foto: Olga NC<\/p>\n\n\n\n<iframe loading=\"lazy\" src=\"https:\/\/www.facebook.com\/plugins\/post.php?href=https%3A%2F%2Fwww.facebook.com%2FJudoVeteransTeamPoland%2Fposts%2Fpfbid02JE9x81Tn6AEUREzXwVE1m3LNSh4w8TnL3sETJJKP56bXPJYPuUpXxuTsAfFaWLmrl&#038;show_text=true&#038;width=500\" width=\"500\" height=\"728\" style=\"border:none;overflow:hidden\" scrolling=\"no\" frameborder=\"0\" allowfullscreen=\"true\" allow=\"autoplay; clipboard-write; encrypted-media; picture-in-picture; web-share\"><\/iframe>\n<\/details>\n\n\n\n<details class=\"wp-block-details is-layout-flow wp-block-details-is-layout-flow\"><summary>Riga Veteran European Cup 2025 tachi-waza<\/summary>\n<p>Tachi-Waza: Czupryna Krzysztof, Fija\u0142kowski Witold, Itrych \u0141ukasz, Kami\u0144ski S\u0142awomir, Pazgan Stanis\u0142aw, Wasowski Piotr<\/p>\n\n\n\n<p>foto: Olga NC<\/p>\n\n\n\n<iframe loading=\"lazy\" src=\"https:\/\/www.facebook.com\/plugins\/post.php?href=https%3A%2F%2Fwww.facebook.com%2FJudoVeteransTeamPoland%2Fposts%2Fpfbid02BtmivztqDRRSxSSFjNfv97Pj1rTeGTbS9W6L3UNDedXA16yY61Xn7MN84PmbXdEkl&#038;show_text=true&#038;width=500\" width=\"500\" height=\"709\" style=\"border:none;overflow:hidden\" scrolling=\"no\" frameborder=\"0\" allowfullscreen=\"true\" allow=\"autoplay; clipboard-write; encrypted-media; picture-in-picture; web-share\"><\/iframe>\n<\/details>\n","protected":false},"excerpt":{"rendered":"<p>Wszystkie zdj\u0119cia znajduj\u0105 si\u0119 na serwisie Facebook, sk\u0105d mo\u017cna je pobra\u0107.<\/p>\n","protected":false},"author":1,"featured_media":0,"parent":0,"menu_order":0,"comment_status":"closed","ping_status":"closed","template":"","meta":{"footnotes":""},"class_list":["post-159","page","type-page","status-publish","hentry"],"_links":{"self":[{"href":"http:\/\/masters.pzjudo.pl\/index.php?rest_route=\/wp\/v2\/pages\/159","targetHints":{"allow":["GET"]}}],"collection":[{"href":"http:\/\/masters.pzjudo.pl\/index.php?rest_route=\/wp\/v2\/pages"}],"about":[{"href":"http:\/\/masters.pzjudo.pl\/index.php?rest_route=\/wp\/v2\/types\/page"}],"author":[{"embeddable":true,"href":"http:\/\/masters.pzjudo.pl\/index.php?rest_route=\/wp\/v2\/users\/1"}],"replies":[{"embeddable":true,"href":"http:\/\/masters.pzjudo.pl\/index.php?rest_route=%2Fwp%2Fv2%2Fcomments&post=159"}],"version-history":[{"count":5,"href":"http:\/\/masters.pzjudo.pl\/index.php?rest_route=\/wp\/v2\/pages\/159\/revisions"}],"predecessor-version":[{"id":171,"href":"http:\/\/masters.pzjudo.pl\/index.php?rest_route=\/wp\/v2\/pages\/159\/revisions\/171"}],"wp:attachment":[{"href":"http:\/\/masters.pzjudo.pl\/index.php?rest_route=%2Fwp%2Fv2%2Fmedia&parent=159"}],"curies":[{"name":"wp","href":"https:\/\/api.w.org\/{rel}","templated":true}]}}