{"id":71,"date":"2025-03-10T11:32:53","date_gmt":"2025-03-10T10:32:53","guid":{"rendered":"http:\/\/masters.pzjudo.pl\/?page_id=71"},"modified":"2025-03-10T13:21:28","modified_gmt":"2025-03-10T12:21:28","slug":"licencja-ijf","status":"publish","type":"page","link":"http:\/\/masters.pzjudo.pl\/?page_id=71","title":{"rendered":"Instrukcja wyrobienia licencji IJF Veterans"},"content":{"rendered":"\n<figure class=\"wp-block-image aligncenter size-full is-resized\"><img loading=\"lazy\" decoding=\"async\" width=\"640\" height=\"537\" src=\"http:\/\/masters.pzjudo.pl\/wp-content\/uploads\/2025\/03\/licencja-ijf.jpg\" alt=\"\" class=\"wp-image-76\" style=\"width:256px\"\/><\/figure>\n\n\n\n<p style=\"margin-top:0;margin-right:0;margin-bottom:0;margin-left:0;font-size:clamp(14px, 0.875rem + ((1vw - 3.2px) * 0.588), 20px);\">Zawodnicy, kt\u00f3rzy chc\u0105 bra\u0107 udzia\u0142 w turniejach Weteran\u00f3w organizowanych przez IJF oraz EJU musz\u0105 zosta\u0107 zarejestrowani w systemie Judobase oraz posiada\u0107 kart\u0119 ID IJF Veterans. Wa\u017cno\u015b\u0107 karty IJF dla Weteran\u00f3w jest do\u017cywotnia.<br>W celu wyrobienia karty ID IJF Veterans nale\u017cy:<br><br>1. Na konto z\u0142ot\u00f3wkowe PZJudo 89 1090 2011 0000 0001 3384 2107 wp\u0142aci\u0107 r\u00f3wnowarto\u015b\u0107 70 Euro, przeliczon\u0105 wed\u0142ug kursu NBP (tabela A) z dnia poprzedzaj\u0105cego wykonanie przelewu (<a href=\"https:\/\/nbp.pl\/statystyka-i-sprawozdawczosc\/kursy\/tabela-a\/?fbclid=IwZXh0bgNhZW0CMTAAAR2dPT7EK7ga5ZFFiWAf4Ahf1Zisca0p9txxAO2qjIDPjRgyg9jTBAxyWeg_aem_DgEOzIDZcThKvXspPcy6vg\" target=\"_blank\" rel=\"noreferrer noopener\">https:\/\/nbp.pl\/statystyka-i-sprawozdawczosc\/kursy\/tabela-a\/<\/a> ).<br><br>Przyk\u0142adowo dla przelewu robionego 14.01.2025 przyjmuje si\u0119 \u015bredni kurs EUR\/PLN NBP z dnia 13.01.2025 r. Tabela ma numer 007\/A\/NBP\/2025, kurs \u015bredni 1 EUR = 4,2715 PLN, suma przelewu wynosi 70 x 4,2715 = 299,01 PLN.<br><br>2. W tytule przelewu wpisa\u0107 nast\u0119puj\u0105ce informacje:<br>&#8222;Karta IJF Weteran IMI\u0118 I NAZWISKO 70 EUR kurs NBP z dnia \u2026\u2026\u2026\u2026.tabela \u2026\u2026.\/A\/NBP\/2025\u201d<br><br>3. Na dwa adresy email licencje@pzjudo.pl oraz masters@pzjudo.pl (tymczasowo, do dowo\u0142ania) wys\u0142a\u0107 pro\u015bb\u0119 o wyrobienie karty ID IJF Veterans, za\u0142\u0105czy\u0107 wype\u0142niony formularz KARTA IJF WETERAN lub poda\u0107 informacje nim zawarte, potwierdzenie przelewu oraz zdj\u0119cie w formie elektronicznej w formacie 350&#215;450 pikseli.<br><br>W przypadku jakichkolwiek pyta\u0144 lub niejasno\u015bci prosimy o kontakt poprzez email masters@pzjudo.pl .<\/p>\n\n\n\n<figure class=\"wp-block-image\"><a href=\"https:\/\/www.facebook.com\/photo\/?fbid=122106454340738760&amp;set=pcb.122106454706738760&amp;__cft__[0]=AZVkQV4n__xtvqxHj-JjyCarQYDXFx3PAc5WF4k9pLDApyp-sLMeNtBdpc3om5XR333uaea0LJtOg1V2ZSCuB4x8hf5IH4BwXCJLjXQ_I_bAnpWGIy8ojsy24KjqdyVQY8nWqDNVKm2uTcyafObSeBkP2PFJ0D5N87JHKcJER3AM6A&amp;__tn__=*bH-R\"><img decoding=\"async\" src=\"https:\/\/scontent-waw2-1.xx.fbcdn.net\/v\/t39.30808-6\/475402338_122106454346738760_8601428346037276389_n.jpg?stp=dst-jpg_p417x417_tt6&amp;_nc_cat=110&amp;ccb=1-7&amp;_nc_sid=127cfc&amp;_nc_ohc=2_2oWCywZYYQ7kNvgFi_ecv&amp;_nc_zt=23&amp;_nc_ht=scontent-waw2-1.xx&amp;_nc_gid=AdC8HcZrOdE4mwee-MSAxQY&amp;oh=00_AYGhu3QwUmGJ6ad4qMilDgf2wrl_uiJ8lxdLKR58zNrCIg&amp;oe=67D4934B\" alt=\"\"\/><\/a><\/figure>\n","protected":false},"excerpt":{"rendered":"<p>Zawodnicy, kt\u00f3rzy chc\u0105 bra\u0107 udzia\u0142 w turniejach Weteran\u00f3w organizowanych przez IJF oraz EJU musz\u0105 zosta\u0107 zarejestrowani w systemie Judobase oraz posiada\u0107 kart\u0119 ID IJF Veterans. Wa\u017cno\u015b\u0107 karty IJF dla Weteran\u00f3w jest do\u017cywotnia.W celu wyrobienia karty ID IJF Veterans nale\u017cy: 1. Na konto z\u0142ot\u00f3wkowe PZJudo 89 1090 2011 0000 0001 3384 2107 wp\u0142aci\u0107 r\u00f3wnowarto\u015b\u0107 70 Euro, [&hellip;]<\/p>\n","protected":false},"author":1,"featured_media":0,"parent":0,"menu_order":0,"comment_status":"closed","ping_status":"closed","template":"","meta":{"footnotes":""},"class_list":["post-71","page","type-page","status-publish","hentry"],"_links":{"self":[{"href":"http:\/\/masters.pzjudo.pl\/index.php?rest_route=\/wp\/v2\/pages\/71","targetHints":{"allow":["GET"]}}],"collection":[{"href":"http:\/\/masters.pzjudo.pl\/index.php?rest_route=\/wp\/v2\/pages"}],"about":[{"href":"http:\/\/masters.pzjudo.pl\/index.php?rest_route=\/wp\/v2\/types\/page"}],"author":[{"embeddable":true,"href":"http:\/\/masters.pzjudo.pl\/index.php?rest_route=\/wp\/v2\/users\/1"}],"replies":[{"embeddable":true,"href":"http:\/\/masters.pzjudo.pl\/index.php?rest_route=%2Fwp%2Fv2%2Fcomments&post=71"}],"version-history":[{"count":3,"href":"http:\/\/masters.pzjudo.pl\/index.php?rest_route=\/wp\/v2\/pages\/71\/revisions"}],"predecessor-version":[{"id":108,"href":"http:\/\/masters.pzjudo.pl\/index.php?rest_route=\/wp\/v2\/pages\/71\/revisions\/108"}],"wp:attachment":[{"href":"http:\/\/masters.pzjudo.pl\/index.php?rest_route=%2Fwp%2Fv2%2Fmedia&parent=71"}],"curies":[{"name":"wp","href":"https:\/\/api.w.org\/{rel}","templated":true}]}}